{"id":92,"date":"2025-03-21T17:01:10","date_gmt":"2025-03-21T16:01:10","guid":{"rendered":"https:\/\/elalami-avocat.com\/?page_id=92"},"modified":"2025-03-21T17:11:39","modified_gmt":"2025-03-21T16:11:39","slug":"maitre-valere-el-alami-votre-avocat-en-droit-penal-et-des-personnes-a-toulouse","status":"publish","type":"page","link":"https:\/\/elalami-avocat.com\/","title":{"rendered":"Accueil"},"content":{"rendered":"\n<h2 class=\"wp-block-heading\">Cabinet de Ma\u00eetre El Alami &#8211; Votre avocat en droit p\u00e9nal et des personnes \u00e0 Toulouse<\/h2>\n\n\n\n<div class=\"wp-block-columns is-layout-flex wp-container-core-columns-layout-1 wp-block-columns-is-layout-flex\">\n<div class=\"wp-block-column is-layout-flow wp-block-column-is-layout-flow\" style=\"flex-basis:66.66%\">\n<p>Avocat \u00e0 la Cour et au Barreau de Toulouse, Ma\u00eetre El Alami vous accompagne avec rigueur et engagement. Que vous soyez victime ou mis en cause, il assure votre d\u00e9fense avec d\u00e9termination devant les juridictions p\u00e9nales. En droit de la famille, il vous conseille et vous assiste dans les proc\u00e9dures de divorce, garde d\u2019enfants, pension alimentaire et successions. \u00c0 l\u2019\u00e9coute de vos besoins, Ma\u00eetre El Alami met son expertise \u00e0 votre service pour d\u00e9fendre vos int\u00e9r\u00eats avec professionnalisme et humanit\u00e9.<\/p>\n\n\n\n<p>\u00c9lu Secr\u00e9taire de la Conf\u00e9rence du Barreau de Toulouse pour l&rsquo;ann\u00e9e 2025, il repr\u00e9sente l&rsquo;ordre des avocats toulousains aupr\u00e8s des barreaux fran\u00e7ais et \u00e9trangers.<\/p>\n\n\n\n<p>Charg\u00e9 d&rsquo;enseignement \u00e0 la facult\u00e9 de droit de Toulouse, il enseigne le droit et la proc\u00e9dure p\u00e9nale en licence et master.<\/p>\n\n\n\n<ul>\n<li>3\u00e8me Secr\u00e9taire de la Conf\u00e9rence du Stage du barreau de Toulouse<\/li>\n\n\n\n<li>Certificat d&rsquo;Aptitude \u00e0 la Profession d&rsquo;Avocat<\/li>\n\n\n\n<li>Master 2 Droit P\u00e9nal et Sciences Criminelles &#8211; Major de promotion<\/li>\n\n\n\n<li>Master 1 Droit p\u00e9nal &#8211; Major de promotion<\/li>\n\n\n\n<li>Dipl\u00f4m\u00e9 du Coll\u00e8ge Sup\u00e9rieur de Droit de l&rsquo;universit\u00e9 Toulouse 1<\/li>\n<\/ul>\n<\/div>\n\n\n\n<div class=\"wp-block-column is-layout-flow wp-block-column-is-layout-flow\" style=\"flex-basis:33.33%\">\n<figure class=\"wp-block-image size-large\"><img loading=\"lazy\" decoding=\"async\" width=\"768\" height=\"1024\" src=\"https:\/\/elalami-avocat.com\/wp-content\/uploads\/2025\/03\/Photo-robe-1-1-768x1024.jpg\" alt=\"\" class=\"wp-image-96\" srcset=\"https:\/\/elalami-avocat.com\/wp-content\/uploads\/2025\/03\/Photo-robe-1-1-768x1024.jpg 768w, https:\/\/elalami-avocat.com\/wp-content\/uploads\/2025\/03\/Photo-robe-1-1-225x300.jpg 225w, https:\/\/elalami-avocat.com\/wp-content\/uploads\/2025\/03\/Photo-robe-1-1-1152x1536.jpg 1152w, https:\/\/elalami-avocat.com\/wp-content\/uploads\/2025\/03\/Photo-robe-1-1.jpg 1536w\" sizes=\"(max-width: 768px) 100vw, 768px\" \/><\/figure>\n<\/div>\n<\/div>\n\n\n\n<h2 class=\"wp-block-heading has-text-align-left\">Assistance en droit p\u00e9nal<\/h2>\n\n\n\n<div class=\"wp-block-columns is-layout-flex wp-container-core-columns-layout-2 wp-block-columns-is-layout-flex\">\n<div class=\"wp-block-column is-layout-flow wp-block-column-is-layout-flow\">\n<p><strong>Enqu\u00eate et garde \u00e0 vue<\/strong><\/p>\n\n\n\n<p>Le cabinet de Ma\u00eetre El Alami vous aide \u00e0 pr\u00e9parer votre d\u00e9fense d\u00e8s les premiers stades de la proc\u00e9dure :<\/p>\n\n\n\n<ul>\n<li>Pour pr\u00e9parer votre <strong>strat\u00e9gie de d\u00e9fense<\/strong> face aux accusations port\u00e9es<\/li>\n\n\n\n<li>Pour \u00eatre pr\u00e9sent \u00e0 vos c\u00f4t\u00e9s lors de votre <strong>garde \u00e0 vue<\/strong>, de vos auditions<\/li>\n\n\n\n<li>Pour vous assister durant toute la proc\u00e9dure d&rsquo;<strong>instruction<\/strong><\/li>\n\n\n\n<li>Pour obtenir votre <strong>remise en libert\u00e9<\/strong> en cas de d\u00e9tention provisoire<\/li>\n<\/ul>\n<\/div>\n\n\n\n<div class=\"wp-block-column is-layout-flow wp-block-column-is-layout-flow\">\n<p><strong>Poursuites p\u00e9nales<\/strong><\/p>\n\n\n\n<p>Quel que soit la juridiction devant laquelle vous \u00eates poursuivi, le cabinet vous y repr\u00e9sentera :<\/p>\n\n\n\n<ul>\n<li>Pour d\u00e9finir la <strong>d\u00e9fense <\/strong>la plus <strong>efficace<\/strong><\/li>\n\n\n\n<li>Pour pr\u00e9parer une <strong>analyse d\u00e9taill\u00e9e<\/strong> de la proc\u00e9dure et d\u00e9fendre vos droits<\/li>\n\n\n\n<li>Pour <strong>\u00eatre \u00e0 vos c\u00f4t\u00e9s<\/strong> et vous repr\u00e9senter durant l&rsquo;audience<\/li>\n\n\n\n<li>Pour vous accompagner en <strong>appel<\/strong><\/li>\n<\/ul>\n<\/div>\n\n\n\n<div class=\"wp-block-column is-layout-flow wp-block-column-is-layout-flow\">\n<p><strong>Application des peines<\/strong><\/p>\n\n\n\n<p>Le cabinet garantit vos int\u00e9r\u00eats durant votre ex\u00e9cution de peine pour garantir <strong>une dur\u00e9e d&rsquo;incarc\u00e9ration minimale<\/strong> :<\/p>\n\n\n\n<ul>\n<li>Lib\u00e9ration conditionnelle<\/li>\n\n\n\n<li>Am\u00e9nagement de peine<\/li>\n\n\n\n<li>Audience devant le Juge de l&rsquo;Application des Peines<\/li>\n\n\n\n<li>Conversion, r\u00e9duction de peine<\/li>\n\n\n\n<li>R\u00e9vocation de sursis<\/li>\n<\/ul>\n<\/div>\n<\/div>\n\n\n\n<div class=\"wp-block-columns is-layout-flex wp-container-core-columns-layout-3 wp-block-columns-is-layout-flex\">\n<div class=\"wp-block-column is-layout-flow wp-block-column-is-layout-flow\">\n<p><strong>Effacement de casier et de fichier<\/strong><\/p>\n\n\n\n<p>Le cabinet vous assiste pour proc\u00e9der \u00e0 l<strong>&lsquo;effacement des mentions<\/strong> qui figurent sur votre casier judiciaire :<\/p>\n\n\n\n<ul>\n<li>En pr\u00e9parant avec vous toutes les pi\u00e8ces n\u00e9cessaires<\/li>\n\n\n\n<li>En <strong>r\u00e9digeant une requ\u00eate<\/strong> en effacement<\/li>\n\n\n\n<li>En vous assistant lors de l&rsquo;audience<\/li>\n\n\n\n<li>En demandant l&rsquo;effacement des diff\u00e9rents fichiers : TAJ, FNAEG, FIJAIS&#8230;<\/li>\n<\/ul>\n<\/div>\n\n\n\n<div class=\"wp-block-column is-layout-flow wp-block-column-is-layout-flow\">\n<p><strong>Droit p\u00e9nitentiaire<\/strong><\/p>\n\n\n\n<p>Vous \u00eates incarc\u00e9r\u00e9 ; en attente de votre lib\u00e9ration, Ma\u00eetre El Alami intervient pour garantir vos droits en d\u00e9tention :<\/p>\n\n\n\n<ul>\n<li>En vous assistant lors de <strong>commissions de discipline<\/strong><\/li>\n\n\n\n<li>En intervenant pour obtenir votre <strong>transfert<\/strong> dans un autre \u00e9tablissement<\/li>\n\n\n\n<li>En saisissant le juge en cas de <strong>conditions indignes<\/strong> de d\u00e9tention<\/li>\n<\/ul>\n<\/div>\n\n\n\n<div class=\"wp-block-column is-layout-flow wp-block-column-is-layout-flow\">\n<p><strong><a href=\"https:\/\/elalami-avocat.com\/index.php\/droit-penal\/victime-dinfraction-partie-civile\/\" title=\"Victime d\u2019infraction \u2013 partie civile\">D\u00e9fense des victimes d&rsquo;infraction<\/a><\/strong><\/p>\n\n\n\n<p>Le cabinet se mobilise pour faire valoir vos droits, vous accompagner pendant les poursuites et obtenir <strong>une indemnisation juste de votre pr\u00e9judice<\/strong> et vous <strong>prot\u00e9ger <\/strong>:<\/p>\n\n\n\n<ul>\n<li>En r\u00e9digeant et en envoyant votre plainte directement au Procureur<\/li>\n\n\n\n<li>En sollicitant toute mesure pour vous prot\u00e9ger de l&rsquo;auteur des faits, par le biais d&rsquo;une <strong>ordonnance de protection<\/strong> par exemple<\/li>\n\n\n\n<li>En calculant et demandant <strong>indemnisation<\/strong> de votre pr\u00e9judice<\/li>\n\n\n\n<li>En saisissant <strong>la CIVI ou le SARVI<\/strong> pour obtenir un paiement rapide<\/li>\n<\/ul>\n<\/div>\n<\/div>\n\n\n\n<h2 class=\"wp-block-heading\">Droit de la famille et des personnes<\/h2>\n\n\n\n<div class=\"wp-block-columns is-layout-flex wp-container-core-columns-layout-4 wp-block-columns-is-layout-flex\">\n<div class=\"wp-block-column is-layout-flow wp-block-column-is-layout-flow\">\n<p><strong>Divorce<\/strong><\/p>\n\n\n\n<p>Vous souhaitez divorcer de votre conjoint, ou celui-ci vous demande le divorce, le cabinet intervient pour garantir vos droits :<\/p>\n\n\n\n<ul>\n<li>En vous recevant au cabinet pour <strong>une \u00e9tude d\u00e9taill\u00e9e de votre dossier<\/strong><\/li>\n\n\n\n<li>En vous assistant dans les n\u00e9gociations et signatures d&rsquo;un <strong>divorce amiable<\/strong><\/li>\n\n\n\n<li>En allant se battre pour vos droits <strong>devant le juge<\/strong> dans l&rsquo;hypoth\u00e8se d&rsquo;un divorce judiciaire<\/li>\n<\/ul>\n<\/div>\n\n\n\n<div class=\"wp-block-column is-layout-flow wp-block-column-is-layout-flow\">\n<p><strong>Autorit\u00e9 parentale<\/strong><\/p>\n\n\n\n<p>Vous avez eu des enfants avec une personne qui est d\u00e9sormais en conflit avec vous, ou ne respecte pas vos droits. Le cabinet se mobilise :<\/p>\n\n\n\n<ul>\n<li>Pour vous <strong>informer<\/strong> sur les droits dont vous disposez r\u00e9ellement<\/li>\n\n\n\n<li>Pour pr\u00e9parer une <strong>convention parentale<\/strong> d\u00e9finissant vos droits respectifs<\/li>\n\n\n\n<li>Pour <strong>engager ou vous d\u00e9fendre<\/strong> dans une proc\u00e9dure devant le juge et obtenir des <strong>droits justes et adapt\u00e9s \u00e0 votre situation<\/strong> sur votre enfant<\/li>\n<\/ul>\n<\/div>\n\n\n\n<div class=\"wp-block-column is-layout-flow wp-block-column-is-layout-flow\">\n<p><strong>Ordonnance de protection<\/strong> <\/p>\n\n\n\n<p>Votre conjoint est violent, harceleur, manipulateur, etc. Si vous \u00eates en danger, le cabinet vous accompagne pour demander une <strong>ordonnance de protection<\/strong> aupr\u00e8s du Juge aux Affaires, dans les plus brefs d\u00e9lais<\/p>\n<\/div>\n<\/div>\n","protected":false},"excerpt":{"rendered":"<p>Cabinet de Ma\u00eetre El Alami &#8211; Votre avocat en droit p\u00e9nal et des personnes \u00e0 Toulouse Avocat \u00e0 la Cour [&hellip;]<\/p>\n","protected":false},"author":1,"featured_media":0,"parent":0,"menu_order":0,"comment_status":"closed","ping_status":"closed","template":"","meta":{"om_disable_all_campaigns":false,"_monsterinsights_skip_tracking":false,"_monsterinsights_sitenote_active":false,"_monsterinsights_sitenote_note":"","_monsterinsights_sitenote_category":0,"site-sidebar-layout":"default","site-content-layout":"","ast-site-content-layout":"","site-content-style":"default","site-sidebar-style":"default","ast-global-header-display":"","ast-banner-title-visibility":"","ast-main-header-display":"","ast-hfb-above-header-display":"","ast-hfb-below-header-display":"","ast-hfb-mobile-header-display":"","site-post-title":"","ast-breadcrumbs-content":"","ast-featured-img":"","footer-sml-layout":"","theme-transparent-header-meta":"","adv-header-id-meta":"","stick-header-meta":"","header-above-stick-meta":"","header-main-stick-meta":"","header-below-stick-meta":"","astra-migrate-meta-layouts":"default","ast-page-background-enabled":"default","ast-page-background-meta":{"desktop":{"background-color":"var(--ast-global-color-5)","background-image":"","background-repeat":"repeat","background-position":"center center","background-size":"auto","background-attachment":"scroll","background-type":"","background-media":"","overlay-type":"","overlay-color":"","overlay-opacity":"","overlay-gradient":""},"tablet":{"background-color":"","background-image":"","background-repeat":"repeat","background-position":"center center","background-size":"auto","background-attachment":"scroll","background-type":"","background-media":"","overlay-type":"","overlay-color":"","overlay-opacity":"","overlay-gradient":""},"mobile":{"background-color":"","background-image":"","background-repeat":"repeat","background-position":"center center","background-size":"auto","background-attachment":"scroll","background-type":"","background-media":"","overlay-type":"","overlay-color":"","overlay-opacity":"","overlay-gradient":""}},"ast-content-background-meta":{"desktop":{"background-color":"var(--ast-global-color-4)","background-image":"","background-repeat":"repeat","background-position":"center center","background-size":"auto","background-attachment":"scroll","background-type":"","background-media":"","overlay-type":"","overlay-color":"","overlay-opacity":"","overlay-gradient":""},"tablet":{"background-color":"var(--ast-global-color-4)","background-image":"","background-repeat":"repeat","background-position":"center center","background-size":"auto","background-attachment":"scroll","background-type":"","background-media":"","overlay-type":"","overlay-color":"","overlay-opacity":"","overlay-gradient":""},"mobile":{"background-color":"var(--ast-global-color-4)","background-image":"","background-repeat":"repeat","background-position":"center center","background-size":"auto","background-attachment":"scroll","background-type":"","background-media":"","overlay-type":"","overlay-color":"","overlay-opacity":"","overlay-gradient":""}},"footnotes":""},"aioseo_notices":[],"_links":{"self":[{"href":"https:\/\/elalami-avocat.com\/index.php\/wp-json\/wp\/v2\/pages\/92"}],"collection":[{"href":"https:\/\/elalami-avocat.com\/index.php\/wp-json\/wp\/v2\/pages"}],"about":[{"href":"https:\/\/elalami-avocat.com\/index.php\/wp-json\/wp\/v2\/types\/page"}],"author":[{"embeddable":true,"href":"https:\/\/elalami-avocat.com\/index.php\/wp-json\/wp\/v2\/users\/1"}],"replies":[{"embeddable":true,"href":"https:\/\/elalami-avocat.com\/index.php\/wp-json\/wp\/v2\/comments?post=92"}],"version-history":[{"count":5,"href":"https:\/\/elalami-avocat.com\/index.php\/wp-json\/wp\/v2\/pages\/92\/revisions"}],"predecessor-version":[{"id":116,"href":"https:\/\/elalami-avocat.com\/index.php\/wp-json\/wp\/v2\/pages\/92\/revisions\/116"}],"wp:attachment":[{"href":"https:\/\/elalami-avocat.com\/index.php\/wp-json\/wp\/v2\/media?parent=92"}],"curies":[{"name":"wp","href":"https:\/\/api.w.org\/{rel}","templated":true}]}}