{"id":57,"date":"2025-03-20T18:10:45","date_gmt":"2025-03-20T17:10:45","guid":{"rendered":"https:\/\/elalami-avocat.com\/?p=57"},"modified":"2025-03-31T13:34:50","modified_gmt":"2025-03-31T11:34:50","slug":"victime-dinfraction-partie-civile","status":"publish","type":"page","link":"https:\/\/elalami-avocat.com\/index.php\/droit-penal\/victime-dinfraction-partie-civile\/","title":{"rendered":"Victime d&rsquo;infraction &#8211; partie civile"},"content":{"rendered":"\n<blockquote class=\"wp-block-quote\">\n<p>\u00ab\u00a0L&rsquo;action civile en r\u00e9paration du dommage caus\u00e9 par un crime, un d\u00e9lit ou une contravention appartient \u00e0 tous ceux qui ont personnellement souffert du dommage directement caus\u00e9 par l&rsquo;infraction.\u00a0\u00bb<\/p>\n<cite>Article 2 du Code de Proc\u00e9dure P\u00e9nale<\/cite><\/blockquote>\n\n\n<div class=\"wp-block-aioseo-table-of-contents\"><ul><li><a class=\"aioseo-toc-item\" href=\"#aioseo-quels-droits-pour-la-partie-civile\">Quels droits pour la partie civile ?<\/a><\/li><li><a class=\"aioseo-toc-item\" href=\"#aioseo-quand-et-comment-se-constituer-partie-civile\">Quand et comment se constituer partie civile ?<\/a><\/li><li><a class=\"aioseo-toc-item\" href=\"#aioseo-quel-indemnisation-pour-son-prejudice\">Quel indemnisation pour son pr\u00e9judice ?<\/a><\/li><li><a class=\"aioseo-toc-item\" href=\"#aioseo-action-publique-et-action-civile-quelle-distinction\">Action publique et action civile : quelle distinction ?<\/a><\/li><li><a class=\"aioseo-toc-item\" href=\"#aioseo-faut-il-prendre-un-avocat\">Faut-il prendre un avocat ?<\/a><ul><li><a class=\"aioseo-toc-item\" href=\"#aioseo-vous-etes-victime-dune-infraction-et-vous-souhaitez-connaitre-vos-droits-beneficier-dun-accompagnement-personnalise-et-etre-represente-devant-les-juridictions-penales-contactez-le-cabinet-pour-planifier-un-rendez-vous-et-obtenir-tous-les-renseignements-necessaires\">Vous \u00eates victime d&#039;une infraction et vous souhaitez conna\u00eetre vos droits, b\u00e9n\u00e9ficier d&#039;un accompagnement personnalis\u00e9 et \u00eatre repr\u00e9sent\u00e9 devant les juridictions p\u00e9nales ? Contactez le cabinet pour planifier un rendez-vous et obtenir tous les renseignements n\u00e9cessaires.<\/a><\/li><\/ul><\/li><\/ul><\/div>\n\n\n<div class=\"wp-block-group is-layout-constrained wp-block-group-is-layout-constrained\">\n<h2 class=\"wp-block-heading\">Qui peut \u00eatre partie civile ?<\/h2>\n\n\n\n<p><strong>Toute personne qui a \u00e9t\u00e9 victime d&rsquo;une infraction<\/strong> peut se constituer partie civile devant une juridiction p\u00e9nale, pour y exercer ses droits et demander r\u00e9paration de son <strong>pr\u00e9judice<\/strong>.<\/p>\n\n\n\n<p>Cela vaut pour :<\/p>\n\n\n\n<ul>\n<li>Les <strong>victimes directes<\/strong>, qui ont \u00e9t\u00e9 atteintes directement par l&rsquo;infraction : la personne qui a \u00e9t\u00e9 bless\u00e9e par l&rsquo;accus\u00e9, celle dont le bien a \u00e9t\u00e9 vol\u00e9, etc.<\/li>\n\n\n\n<li>Les <strong>victimes indirectes<\/strong>, qui souffrent de l&rsquo;infraction \u00ab\u00a0par ricochet\u00a0\u00bb : la famille d&rsquo;une personne d\u00e9c\u00e9d\u00e9e ou gravement bless\u00e9e, les parents d&rsquo;un enfant agress\u00e9&#8230; <\/li>\n<\/ul>\n\n\n\n<p>\u26a0 Les parents d&rsquo;un <strong>enfant mineur <\/strong>qui a \u00e9t\u00e9 victime d&rsquo;une infraction peuvent mener l&rsquo;action civile pour lui<\/p>\n\n\n\n<p>Pour pouvoir se constituer partie civile, la victime doit pouvoir d\u00e9montrer :<\/p>\n\n\n\n<ul>\n<li>Avoir <strong>personnellement souffert<\/strong>, qu&rsquo;il s&rsquo;agisse d&rsquo;un pr\u00e9judice physiques, mat\u00e9riel ou moral <\/li>\n\n\n\n<li>Que son pr\u00e9judice est <strong>actuel et certain<\/strong>, par opposition \u00e0 un pr\u00e9judice qui ne serait qu&rsquo;hypoth\u00e9tique ou futur <\/li>\n\n\n\n<li>Le <strong>lien de causalit\u00e9 entre l&rsquo;infraction et le pr\u00e9judice<\/strong> : que l&rsquo;infraction pour laquelle est poursuivi le pr\u00e9venu ou l&rsquo;accus\u00e9 est bien responsable du dommage subi par la victime<\/li>\n<\/ul>\n<\/div>\n\n\n\n<h2 class=\"wp-block-heading\" id=\"aioseo-quels-droits-pour-la-partie-civile\">Quels droits pour la partie civile ?<\/h2>\n\n\n\n<p>La partie civile, une fois constitu\u00e9e, dispose de plusieurs droits qui lui sont propres :<\/p>\n\n\n\n<ul>\n<li>Avoir <strong>acc\u00e8s \u00e0 l&rsquo;int\u00e9gralit\u00e9 du dossier<\/strong> p\u00e9nal, pour pouvoir pr\u00e9parer ses demandes et ses plaidoiries devant la juridiction de jugement<\/li>\n\n\n\n<li>Pouvoir <strong>apporter des \u00e9l\u00e9ments<\/strong> : la partie civile peut fournir ses pi\u00e8ces, \u00eatre entendue par le Juge, le Tribunal ou la Cour, demander \u00e0 faire citer des t\u00e9moins, solliciter une expertise&#8230; <\/li>\n\n\n\n<li>\u00catre <strong>assist\u00e9e par un avocat<\/strong> durant toute la proc\u00e9dure, qui garantira le respect de ses droits et prendra la parole \u00e0 l&rsquo;audience<\/li>\n\n\n\n<li>Demander <strong>l&rsquo;indemnisation<\/strong> de son pr\u00e9judice par le biais de <strong>dommages et int\u00e9r\u00eats<\/strong><\/li>\n\n\n\n<li>Faire appel de la d\u00e9cision sur int\u00e9r\u00eats civils<\/li>\n\n\n\n<li>Pouvoir <strong>mettre en mouvement l&rsquo;action publique<\/strong> pour faire poursuivre une personne malgr\u00e9 un classement sans suite<\/li>\n<\/ul>\n\n\n\n<h2 class=\"wp-block-heading\" id=\"aioseo-quand-et-comment-se-constituer-partie-civile\">Quand et comment se constituer partie civile ?<\/h2>\n\n\n\n<p>La victime ne peut se constituer partie civile que devant une juridiction : <\/p>\n\n\n\n<ul>\n<li>Devant le <strong>Juge d&rsquo;instruction<\/strong> pendant l&rsquo;information judiciaire, soit lors de son audition, soit en intervenant volontairement, soit par plainte avec constitution de partie civile<sup data-fn=\"3833e0ab-2aba-4fd0-b82a-7196ca658841\" class=\"fn\"><a href=\"#3833e0ab-2aba-4fd0-b82a-7196ca658841\" id=\"3833e0ab-2aba-4fd0-b82a-7196ca658841-link\">1<\/a><\/sup> <\/li>\n\n\n\n<li>Devant le <strong>Tribunal de Police<\/strong> lorsque l&rsquo;auteur de l&rsquo;infraction est jug\u00e9 pour une contravention (violences l\u00e9g\u00e8res, voisinage, etc.)<sup data-fn=\"aa4d86a7-3aa0-4658-b371-6b968e110d75\" class=\"fn\"><a href=\"#aa4d86a7-3aa0-4658-b371-6b968e110d75\" id=\"aa4d86a7-3aa0-4658-b371-6b968e110d75-link\">2<\/a><\/sup><\/li>\n\n\n\n<li>Devant le <strong>Tribunal Correctionnel<\/strong> lorsque l&rsquo;auteur de l&rsquo;infraction est jug\u00e9 pour un d\u00e9lit (violences, vol, escroquerie&#8230;)<sup data-fn=\"7a0dd21f-994d-4b7c-88d2-607359c16b10\" class=\"fn\"><a href=\"#7a0dd21f-994d-4b7c-88d2-607359c16b10\" id=\"7a0dd21f-994d-4b7c-88d2-607359c16b10-link\">3<\/a><\/sup><\/li>\n\n\n\n<li>Devant la <strong>Cour d&rsquo;Assises<\/strong> lorsque l&rsquo;auteur de l&rsquo;infraction est jug\u00e9 pour un crime (viol, meurtre, tortures&#8230;)<sup data-fn=\"de56e3ed-d6e7-499e-b2fd-ae6edfb74423\" class=\"fn\"><a href=\"#de56e3ed-d6e7-499e-b2fd-ae6edfb74423\" id=\"de56e3ed-d6e7-499e-b2fd-ae6edfb74423-link\">4<\/a><\/sup><\/li>\n<\/ul>\n\n\n\n<p>La constitution de partie civile se fait soit en personne en intervenant \u00e0 l&rsquo;audience, soit par le biais d&rsquo;un avocat, qui prend la parole ou r\u00e9dige des conclusions de partie civile.<\/p>\n\n\n\n<p>\u26a0 Il n&rsquo;est pas possible de se constituer partie civile durant l&rsquo;enqu\u00eate de police<\/p>\n\n\n\n<h2 class=\"wp-block-heading\" id=\"aioseo-quel-indemnisation-pour-son-prejudice\">Quel indemnisation pour son pr\u00e9judice ?<\/h2>\n\n\n\n<p>La partie civile peut solliciter l&rsquo;indemnisation de ses pr\u00e9judices mat\u00e9riels, physiques et moraux.<\/p>\n\n\n\n<p>Le <strong>pr\u00e9judice mat\u00e9riel<\/strong> constitue la perte de biens ou de sommes d&rsquo;argent r\u00e9sultant de l&rsquo;infraction subie. Il peut s&rsquo;agir :<\/p>\n\n\n\n<ul>\n<li>Des biens d\u00e9rob\u00e9s ou d\u00e9truits : un v\u00e9lo vol\u00e9, une fen\u00eatre d\u00e9grad\u00e9e, une somme d&rsquo;argent d\u00e9tourn\u00e9e&#8230; dont la victime pourra demander le remboursement<\/li>\n\n\n\n<li>D&rsquo;une perte financi\u00e8re caus\u00e9e par l&rsquo;infraction : la victime incapable d&rsquo;aller travailler en raison de ses blessures, ou de la destruction de ses outils de travail, par exemple, pourra \u00eatre indemnis\u00e9e pour les sommes qu&rsquo;elle n&rsquo;a pas pu percevoir<\/li>\n<\/ul>\n\n\n\n<p>Le <strong>pr\u00e9judice physique<\/strong>, ou <strong>pr\u00e9judice corporel<\/strong> englobe tous les dommages sur le corps et la sant\u00e9 de la victime r\u00e9sultant de l&rsquo;infraction, qu&rsquo;ils soient temporaires ou permanents<sup data-fn=\"9354f0f3-08c7-4367-9abe-2f93dbe2b009\" class=\"fn\"><a href=\"#9354f0f3-08c7-4367-9abe-2f93dbe2b009\" id=\"9354f0f3-08c7-4367-9abe-2f93dbe2b009-link\">5<\/a><\/sup>. Il peut s&rsquo;agir par exemple :<\/p>\n\n\n\n<ul>\n<li>De l&rsquo;indemnisation des <strong>souffrances endur\u00e9es<\/strong><\/li>\n\n\n\n<li>De l&rsquo;indemnisation du <strong>d\u00e9ficit fonctionnel<\/strong> temporaire ou permanent, c&rsquo;est-\u00e0-dire la p\u00e9riode durant laquelle la victime a \u00e9t\u00e9 limit\u00e9e dans ses actions du quotidien<\/li>\n\n\n\n<li>De l&rsquo;indemnisation du <strong>pr\u00e9judice esth\u00e9tique<\/strong>, si les s\u00e9quelles de l&rsquo;infraction ont impact\u00e9 l&rsquo;apparence de la victime, du <strong>pr\u00e9judice sexuel<\/strong>, si la victime est impact\u00e9e dans sa vie intime, du <strong>pr\u00e9judice d\u2019agr\u00e9ment<\/strong>, si la victime est limit\u00e9e dans ses loisirs ou activit\u00e9s personnelles&#8230;<\/li>\n\n\n\n<li>A ces pr\u00e9judices extrapatrimoniaux s&rsquo;ajoutent les <strong>pr\u00e9judices patrimoniaux<\/strong> r\u00e9sultant du dommage corporel : les d\u00e9penses de sant\u00e9 pr\u00e9sentes et futures, le besoin d&rsquo;assistance par une tierce personne, etc.<\/li>\n<\/ul>\n\n\n\n<p>\u26a0 Le pr\u00e9judice corporel ne pourra \u00eatre indemnis\u00e9 par la juridiction que si une <strong>expertise m\u00e9dico-l\u00e9gale<\/strong> a \u00e9t\u00e9 r\u00e9alis\u00e9e sur la victime pour \u00e9tablir avec pr\u00e9cision son pr\u00e9judice<\/p>\n\n\n\n<p>Enfin, le <strong>pr\u00e9judice moral<\/strong> d\u00e9signe les souffrances psychologiques, \u00e9motionnelles et les atteintes \u00e0 l&rsquo;int\u00e9grit\u00e9 morale subies par la victime de l&rsquo;infraction.<\/p>\n\n\n\n<p>Plus difficile \u00e0 quantifier pr\u00e9cis\u00e9ment que les autres, il est laiss\u00e9 \u00e0 l&rsquo;appr\u00e9ciation des juridictions, et il revient aux victimes d&rsquo;expliquer le montant auquel elles \u00e9valuent leur souffrance psychologique.<\/p>\n\n\n\n<p>Enfin, la partie civile pourra \u00e9galement solliciter d&rsquo;\u00eatre indemnis\u00e9e pour <strong>ses frais d&rsquo;avocat<\/strong><sup data-fn=\"b8e0512f-1a52-44a0-8a05-a6591cca1920\" class=\"fn\"><a href=\"#b8e0512f-1a52-44a0-8a05-a6591cca1920\" id=\"b8e0512f-1a52-44a0-8a05-a6591cca1920-link\">6<\/a><\/sup>.<\/p>\n\n\n\n<h2 class=\"wp-block-heading\" id=\"aioseo-action-publique-et-action-civile-quelle-distinction\">Action publique et action civile : quelle distinction ?<\/h2>\n\n\n\n<p>Devant les juridictions p\u00e9nales, deux actions sont men\u00e9es en parall\u00e8le, \u00e0 la m\u00eame audience.<\/p>\n\n\n\n<p>L&rsquo;<strong>action publique<\/strong> : men\u00e9e par le Minist\u00e8re Public (repr\u00e9sent\u00e9 par le Procureur de la R\u00e9publique), celle-ci a pour but le prononc\u00e9 d&rsquo;une peine visant \u00e0 punir le condamn\u00e9 pour ses actes, prot\u00e9ger la soci\u00e9t\u00e9 et r\u00e9ins\u00e9rer l&rsquo;auteur de l&rsquo;infraction.<\/p>\n\n\n\n<p>L&rsquo;<strong>action civile<\/strong> : men\u00e9e par la partie civile, elle a pour but d&rsquo;obtenir l&rsquo;indemnisation de son pr\u00e9judice.<\/p>\n\n\n\n<p>\u26a0 Puisqu&rsquo;il s&rsquo;agit de deux actions s\u00e9par\u00e9es, cela signifie que la victime n&rsquo;a pas le droit de demander une peine particuli\u00e8re ; cette pr\u00e9rogative revient au seul Procureur de la R\u00e9publique. L&rsquo;avocat peut cependant, dans sa plaidoirie, revenir sur la gravit\u00e9 des faits subis et la n\u00e9cessit\u00e9 de les r\u00e9primer.<\/p>\n\n\n\n<h2 class=\"wp-block-heading\" id=\"aioseo-faut-il-prendre-un-avocat\">Faut-il prendre un avocat ?<\/h2>\n\n\n\n<p>Sauf dans des cas tr\u00e8s particuliers, il n&rsquo;est pas obligatoire d&rsquo;\u00eatre repr\u00e9sent\u00e9 par un avocat pour se constituer partie civile.<\/p>\n\n\n\n<p>Cependant, le recours \u00e0 un avocat est <strong>tr\u00e8s fortement conseill\u00e9<\/strong> pour pr\u00e9parer au mieux la d\u00e9fense de la victime et ses demandes, et \u00e9viter de tomber dans divers pi\u00e8ges proc\u00e9duraux.<\/p>\n\n\n\n<p>Le cabinet de Ma\u00eetre El Alami assiste les parties civiles devant toutes les juridictions p\u00e9nales pour :<\/p>\n\n\n\n<ul>\n<li>Leur donner connaissance de la proc\u00e9dure et les pr\u00e9parer \u00e0 l&rsquo;audience<\/li>\n\n\n\n<li>Calculer les dommages et int\u00e9r\u00eats qui peuvent \u00eatre demand\u00e9s <\/li>\n\n\n\n<li>Pr\u00e9parer les pi\u00e8ces n\u00e9cessaires au soutien de ces demandes <\/li>\n\n\n\n<li>R\u00e9diger des conclusions \u00e9tablissant pr\u00e9cis\u00e9ment les demandes indemnitaires<\/li>\n\n\n\n<li>Prendre la parole \u00e0 l&rsquo;audience pour repr\u00e9senter la partie civile, et \u00eatre pr\u00e9sent \u00e0 ses c\u00f4t\u00e9s durant toute la proc\u00e9dure<\/li>\n\n\n\n<li>Aider au recouvrement des sommes obtenus<\/li>\n<\/ul>\n\n\n\n<h3 class=\"wp-block-heading\" id=\"aioseo-vous-etes-victime-dune-infraction-et-vous-souhaitez-connaitre-vos-droits-beneficier-dun-accompagnement-personnalise-et-etre-represente-devant-les-juridictions-penales-contactez-le-cabinet-pour-planifier-un-rendez-vous-et-obtenir-tous-les-renseignements-necessaires\"><em>Vous \u00eates victime d&rsquo;une infraction et vous souhaitez conna\u00eetre vos droits, b\u00e9n\u00e9ficier d&rsquo;un accompagnement personnalis\u00e9 et \u00eatre repr\u00e9sent\u00e9 devant les juridictions p\u00e9nales ? Contactez le cabinet pour planifier un rendez-vous et obtenir tous les renseignements n\u00e9cessaires.<\/em><\/h3>\n\n\n<ol class=\"wp-block-footnotes\"><li id=\"3833e0ab-2aba-4fd0-b82a-7196ca658841\">CPP, art. 85 <a href=\"#3833e0ab-2aba-4fd0-b82a-7196ca658841-link\" aria-label=\"Aller \u00e0 la note de bas de page 1\">\u21a9\ufe0e<\/a><\/li><li id=\"aa4d86a7-3aa0-4658-b371-6b968e110d75\">CPP, art. 536 <a href=\"#aa4d86a7-3aa0-4658-b371-6b968e110d75-link\" aria-label=\"Aller \u00e0 la note de bas de page 2\">\u21a9\ufe0e<\/a><\/li><li id=\"7a0dd21f-994d-4b7c-88d2-607359c16b10\">CPP, art. 418 <a href=\"#7a0dd21f-994d-4b7c-88d2-607359c16b10-link\" aria-label=\"Aller \u00e0 la note de bas de page 3\">\u21a9\ufe0e<\/a><\/li><li id=\"de56e3ed-d6e7-499e-b2fd-ae6edfb74423\">CPP, art. 371 <a href=\"#de56e3ed-d6e7-499e-b2fd-ae6edfb74423-link\" aria-label=\"Aller \u00e0 la note de bas de page 4\">\u21a9\ufe0e<\/a><\/li><li id=\"9354f0f3-08c7-4367-9abe-2f93dbe2b009\">cf par ex. la nomenclature Dintilhac : https:\/\/sante.gouv.fr\/ministere\/acteurs\/partenaires\/article\/nomenclature-des-postes-de-prejudices-rapport-de-m-dintilhac <a href=\"#9354f0f3-08c7-4367-9abe-2f93dbe2b009-link\" aria-label=\"Aller \u00e0 la note de bas de page 5\">\u21a9\ufe0e<\/a><\/li><li id=\"b8e0512f-1a52-44a0-8a05-a6591cca1920\">CPP, art. 475-1, art. 375 <a href=\"#b8e0512f-1a52-44a0-8a05-a6591cca1920-link\" aria-label=\"Aller \u00e0 la note de bas de page 6\">\u21a9\ufe0e<\/a><\/li><\/ol>","protected":false},"excerpt":{"rendered":"<p>\u00ab\u00a0L&rsquo;action civile en r\u00e9paration du dommage caus\u00e9 par un crime, un d\u00e9lit ou une contravention appartient \u00e0 tous ceux qui [&hellip;]<\/p>\n","protected":false},"author":1,"featured_media":0,"parent":71,"menu_order":0,"comment_status":"open","ping_status":"open","template":"","meta":{"om_disable_all_campaigns":false,"_monsterinsights_skip_tracking":false,"_monsterinsights_sitenote_active":false,"_monsterinsights_sitenote_note":"","_monsterinsights_sitenote_category":0,"site-sidebar-layout":"default","site-content-layout":"","ast-site-content-layout":"","site-content-style":"default","site-sidebar-style":"default","ast-global-header-display":"","ast-banner-title-visibility":"","ast-main-header-display":"","ast-hfb-above-header-display":"","ast-hfb-below-header-display":"","ast-hfb-mobile-header-display":"","site-post-title":"","ast-breadcrumbs-content":"","ast-featured-img":"","footer-sml-layout":"","theme-transparent-header-meta":"","adv-header-id-meta":"","stick-header-meta":"","header-above-stick-meta":"","header-main-stick-meta":"","header-below-stick-meta":"","astra-migrate-meta-layouts":"default","ast-page-background-enabled":"default","ast-page-background-meta":{"desktop":{"background-color":"var(--ast-global-color-5)","background-image":"","background-repeat":"repeat","background-position":"center center","background-size":"auto","background-attachment":"scroll","background-type":"","background-media":"","overlay-type":"","overlay-color":"","overlay-opacity":"","overlay-gradient":""},"tablet":{"background-color":"","background-image":"","background-repeat":"repeat","background-position":"center center","background-size":"auto","background-attachment":"scroll","background-type":"","background-media":"","overlay-type":"","overlay-color":"","overlay-opacity":"","overlay-gradient":""},"mobile":{"background-color":"","background-image":"","background-repeat":"repeat","background-position":"center center","background-size":"auto","background-attachment":"scroll","background-type":"","background-media":"","overlay-type":"","overlay-color":"","overlay-opacity":"","overlay-gradient":""}},"ast-content-background-meta":{"desktop":{"background-color":"var(--ast-global-color-4)","background-image":"","background-repeat":"repeat","background-position":"center center","background-size":"auto","background-attachment":"scroll","background-type":"","background-media":"","overlay-type":"","overlay-color":"","overlay-opacity":"","overlay-gradient":""},"tablet":{"background-color":"var(--ast-global-color-4)","background-image":"","background-repeat":"repeat","background-position":"center center","background-size":"auto","background-attachment":"scroll","background-type":"","background-media":"","overlay-type":"","overlay-color":"","overlay-opacity":"","overlay-gradient":""},"mobile":{"background-color":"var(--ast-global-color-4)","background-image":"","background-repeat":"repeat","background-position":"center center","background-size":"auto","background-attachment":"scroll","background-type":"","background-media":"","overlay-type":"","overlay-color":"","overlay-opacity":"","overlay-gradient":""}},"footnotes":"[{\"content\":\"CPP, art. 85\",\"id\":\"3833e0ab-2aba-4fd0-b82a-7196ca658841\"},{\"content\":\"CPP, art. 536\",\"id\":\"aa4d86a7-3aa0-4658-b371-6b968e110d75\"},{\"content\":\"CPP, art. 418\",\"id\":\"7a0dd21f-994d-4b7c-88d2-607359c16b10\"},{\"content\":\"CPP, art. 371\",\"id\":\"de56e3ed-d6e7-499e-b2fd-ae6edfb74423\"},{\"content\":\"cf par ex. la nomenclature Dintilhac : https:\/\/sante.gouv.fr\/ministere\/acteurs\/partenaires\/article\/nomenclature-des-postes-de-prejudices-rapport-de-m-dintilhac\",\"id\":\"9354f0f3-08c7-4367-9abe-2f93dbe2b009\"},{\"content\":\"CPP, art. 475-1, art. 375\",\"id\":\"b8e0512f-1a52-44a0-8a05-a6591cca1920\"}]"},"aioseo_notices":[],"_links":{"self":[{"href":"https:\/\/elalami-avocat.com\/index.php\/wp-json\/wp\/v2\/pages\/57"}],"collection":[{"href":"https:\/\/elalami-avocat.com\/index.php\/wp-json\/wp\/v2\/pages"}],"about":[{"href":"https:\/\/elalami-avocat.com\/index.php\/wp-json\/wp\/v2\/types\/page"}],"author":[{"embeddable":true,"href":"https:\/\/elalami-avocat.com\/index.php\/wp-json\/wp\/v2\/users\/1"}],"replies":[{"embeddable":true,"href":"https:\/\/elalami-avocat.com\/index.php\/wp-json\/wp\/v2\/comments?post=57"}],"version-history":[{"count":11,"href":"https:\/\/elalami-avocat.com\/index.php\/wp-json\/wp\/v2\/pages\/57\/revisions"}],"predecessor-version":[{"id":109,"href":"https:\/\/elalami-avocat.com\/index.php\/wp-json\/wp\/v2\/pages\/57\/revisions\/109"}],"up":[{"embeddable":true,"href":"https:\/\/elalami-avocat.com\/index.php\/wp-json\/wp\/v2\/pages\/71"}],"wp:attachment":[{"href":"https:\/\/elalami-avocat.com\/index.php\/wp-json\/wp\/v2\/media?parent=57"}],"curies":[{"name":"wp","href":"https:\/\/api.w.org\/{rel}","templated":true}]}}