{"id":3,"date":"2024-02-28T17:27:31","date_gmt":"2024-02-28T16:27:31","guid":{"rendered":"http:\/\/elalami-avocat.com\/?page_id=3"},"modified":"2025-03-21T17:06:37","modified_gmt":"2025-03-21T16:06:37","slug":"politique-de-confidentialite","status":"publish","type":"page","link":"https:\/\/elalami-avocat.com\/index.php\/politique-de-confidentialite\/","title":{"rendered":"Mentions l\u00e9gales"},"content":{"rendered":"\n<p>Le pr\u00e9sent site est \u00e9dit\u00e9 et administr\u00e9 par l\u2019Entreprise Individuelle Val\u00e8re EL ALAMI Avocat, inscrite au Barreau de Toulouse.<\/p>\n\n\n\n<p>34 rue de Metz, 31000 Toulouse<\/p>\n\n\n\n<p>06.72.06.14.73<\/p>\n\n\n\n<p>v.elalami.avocat@gmail.com<\/p>\n\n\n\n<p>SIRET n\u00b0924 385 990 00024 <\/p>\n\n\n\n<p>Site h\u00e9berg\u00e9 par HOSTINGER INTERNATIONAL LTD, sis 61 Lordou Vironos Street, 6023 Larnaca, Chypre, joignable par le moyen suivant : <a href=\"https:\/\/www.hostinger.fr\/contact\" target=\"_blank\" rel=\"noreferrer noopener\"><em>https:\/\/www.hostinger.fr\/contact<\/em><\/a>.<\/p>\n\n\n\n<p><strong>Traitement des donn\u00e9es personnelles<\/strong><\/p>\n\n\n\n<p>Conform\u00e9ment aux dispositions de la loi n\u00b078-17 du 6 janvier 1978 modifi\u00e9e, relative \u00e0 l\u2019informatique, aux fichiers et aux libert\u00e9s, vous disposez d\u2019un droit d\u2019acc\u00e8s, d\u2019opposition, de rectification et de radiation des donn\u00e9es vous concernant.<\/p>\n\n\n\n<p>Vous pouvez exercer ce droit en faisant une demande \u00e0 l\u2019adresse \u00e9lectronique suivante : v.elalami.avocat@gmail.com<\/p>\n\n\n\n<p>L\u2019Avocat s\u2019engage \u00e0 pr\u00e9server la confidentialit\u00e9 des donn\u00e9es personnelles transmises par les utilisateurs dans le cadre de l\u2019utilisation du site, et pour une dur\u00e9e limit\u00e9e dans le temps.<\/p>\n\n\n\n<p>Sous r\u00e9serve du consentement expr\u00e8s et pr\u00e9alable lors de la collecte des donn\u00e9es d\u00e9livr\u00e9 par l\u2019utilisateur, l\u2019Avocat pourra adresser \u00e0 chacun des utilisateurs des prospections directes par courrier \u00e9lectronique.<\/p>\n","protected":false},"excerpt":{"rendered":"<p>Le pr\u00e9sent site est \u00e9dit\u00e9 et administr\u00e9 par l\u2019Entreprise Individuelle Val\u00e8re EL ALAMI Avocat, inscrite au Barreau de Toulouse. 34 [&hellip;]<\/p>\n","protected":false},"author":1,"featured_media":0,"parent":0,"menu_order":0,"comment_status":"closed","ping_status":"open","template":"","meta":{"om_disable_all_campaigns":false,"_monsterinsights_skip_tracking":false,"_monsterinsights_sitenote_active":false,"_monsterinsights_sitenote_note":"","_monsterinsights_sitenote_category":0,"site-sidebar-layout":"default","site-content-layout":"","ast-site-content-layout":"","site-content-style":"default","site-sidebar-style":"default","ast-global-header-display":"","ast-banner-title-visibility":"","ast-main-header-display":"","ast-hfb-above-header-display":"","ast-hfb-below-header-display":"","ast-hfb-mobile-header-display":"","site-post-title":"","ast-breadcrumbs-content":"","ast-featured-img":"","footer-sml-layout":"","theme-transparent-header-meta":"","adv-header-id-meta":"","stick-header-meta":"","header-above-stick-meta":"","header-main-stick-meta":"","header-below-stick-meta":"","astra-migrate-meta-layouts":"default","ast-page-background-enabled":"default","ast-page-background-meta":{"desktop":{"background-color":"var(--ast-global-color-5)","background-image":"","background-repeat":"repeat","background-position":"center center","background-size":"auto","background-attachment":"scroll","background-type":"","background-media":"","overlay-type":"","overlay-color":"","overlay-opacity":"","overlay-gradient":""},"tablet":{"background-color":"","background-image":"","background-repeat":"repeat","background-position":"center center","background-size":"auto","background-attachment":"scroll","background-type":"","background-media":"","overlay-type":"","overlay-color":"","overlay-opacity":"","overlay-gradient":""},"mobile":{"background-color":"","background-image":"","background-repeat":"repeat","background-position":"center center","background-size":"auto","background-attachment":"scroll","background-type":"","background-media":"","overlay-type":"","overlay-color":"","overlay-opacity":"","overlay-gradient":""}},"ast-content-background-meta":{"desktop":{"background-color":"var(--ast-global-color-4)","background-image":"","background-repeat":"repeat","background-position":"center center","background-size":"auto","background-attachment":"scroll","background-type":"","background-media":"","overlay-type":"","overlay-color":"","overlay-opacity":"","overlay-gradient":""},"tablet":{"background-color":"var(--ast-global-color-4)","background-image":"","background-repeat":"repeat","background-position":"center center","background-size":"auto","background-attachment":"scroll","background-type":"","background-media":"","overlay-type":"","overlay-color":"","overlay-opacity":"","overlay-gradient":""},"mobile":{"background-color":"var(--ast-global-color-4)","background-image":"","background-repeat":"repeat","background-position":"center center","background-size":"auto","background-attachment":"scroll","background-type":"","background-media":"","overlay-type":"","overlay-color":"","overlay-opacity":"","overlay-gradient":""}},"footnotes":""},"aioseo_notices":[],"_links":{"self":[{"href":"https:\/\/elalami-avocat.com\/index.php\/wp-json\/wp\/v2\/pages\/3"}],"collection":[{"href":"https:\/\/elalami-avocat.com\/index.php\/wp-json\/wp\/v2\/pages"}],"about":[{"href":"https:\/\/elalami-avocat.com\/index.php\/wp-json\/wp\/v2\/types\/page"}],"author":[{"embeddable":true,"href":"https:\/\/elalami-avocat.com\/index.php\/wp-json\/wp\/v2\/users\/1"}],"replies":[{"embeddable":true,"href":"https:\/\/elalami-avocat.com\/index.php\/wp-json\/wp\/v2\/comments?post=3"}],"version-history":[{"count":2,"href":"https:\/\/elalami-avocat.com\/index.php\/wp-json\/wp\/v2\/pages\/3\/revisions"}],"predecessor-version":[{"id":101,"href":"https:\/\/elalami-avocat.com\/index.php\/wp-json\/wp\/v2\/pages\/3\/revisions\/101"}],"wp:attachment":[{"href":"https:\/\/elalami-avocat.com\/index.php\/wp-json\/wp\/v2\/media?parent=3"}],"curies":[{"name":"wp","href":"https:\/\/api.w.org\/{rel}","templated":true}]}}